{"id":87,"date":"2024-03-25T21:29:21","date_gmt":"2024-03-25T20:29:21","guid":{"rendered":"http:\/\/hurtownia-soczewek.pl\/?page_id=87"},"modified":"2024-03-25T22:51:00","modified_gmt":"2024-03-25T21:51:00","slug":"o-nas-2","status":"publish","type":"page","link":"https:\/\/hurtownia-soczewek.pl\/?page_id=87","title":{"rendered":"O nas"},"content":{"rendered":"\n<div class=\"wp-block-columns is-layout-flex wp-container-core-columns-is-layout-9d6595d7 wp-block-columns-is-layout-flex\">\n<div class=\"wp-block-column is-layout-flow wp-block-column-is-layout-flow\">\n<figure class=\"wp-block-image size-full\"><img loading=\"lazy\" decoding=\"async\" width=\"256\" height=\"172\" src=\"http:\/\/hurtownia-soczewek.pl\/wp-content\/uploads\/2024\/03\/cropped-logo-1.jpg\" alt=\"\" class=\"wp-image-39\"\/><\/figure>\n<\/div>\n\n\n\n<div class=\"wp-block-column is-layout-flow wp-block-column-is-layout-flow\">\n<p>Jeste\u015bmy hurtowni\u0105 soczewek istniej\u0105c\u0105 na rynku ju\u017c od ponad 13 lat. W swojej ofercie posiadamy wiele produkt\u00f3w znanych firm. <\/p>\n<\/div>\n<\/div>\n","protected":false},"excerpt":{"rendered":"<p>Jeste\u015bmy hurtowni\u0105 soczewek istniej\u0105c\u0105 na rynku ju\u017c od ponad 13 lat. W swojej ofercie posiadamy wiele produkt\u00f3w znanych firm.<\/p>\n","protected":false},"author":1,"featured_media":0,"parent":0,"menu_order":0,"comment_status":"closed","ping_status":"closed","template":"","meta":{"footnotes":""},"class_list":["post-87","page","type-page","status-publish","hentry"],"_links":{"self":[{"href":"https:\/\/hurtownia-soczewek.pl\/index.php?rest_route=\/wp\/v2\/pages\/87","targetHints":{"allow":["GET"]}}],"collection":[{"href":"https:\/\/hurtownia-soczewek.pl\/index.php?rest_route=\/wp\/v2\/pages"}],"about":[{"href":"https:\/\/hurtownia-soczewek.pl\/index.php?rest_route=\/wp\/v2\/types\/page"}],"author":[{"embeddable":true,"href":"https:\/\/hurtownia-soczewek.pl\/index.php?rest_route=\/wp\/v2\/users\/1"}],"replies":[{"embeddable":true,"href":"https:\/\/hurtownia-soczewek.pl\/index.php?rest_route=%2Fwp%2Fv2%2Fcomments&post=87"}],"version-history":[{"count":3,"href":"https:\/\/hurtownia-soczewek.pl\/index.php?rest_route=\/wp\/v2\/pages\/87\/revisions"}],"predecessor-version":[{"id":117,"href":"https:\/\/hurtownia-soczewek.pl\/index.php?rest_route=\/wp\/v2\/pages\/87\/revisions\/117"}],"wp:attachment":[{"href":"https:\/\/hurtownia-soczewek.pl\/index.php?rest_route=%2Fwp%2Fv2%2Fmedia&parent=87"}],"curies":[{"name":"wp","href":"https:\/\/api.w.org\/{rel}","templated":true}]}}